{"id":66,"date":"2025-10-21T11:19:50","date_gmt":"2025-10-21T11:19:50","guid":{"rendered":"https:\/\/hederaconsult.dk\/?page_id=66"},"modified":"2025-10-21T11:28:26","modified_gmt":"2025-10-21T11:28:26","slug":"erfaring-og-eksempler","status":"publish","type":"page","link":"https:\/\/hederaconsult.dk\/index.php\/erfaring-og-eksempler\/","title":{"rendered":"Erfaring og eksempler"},"content":{"rendered":"\n<p>Ingen udvikling sker i et tomrum. Mit bagt\u00e6ppe er de erfaringer og m\u00f8der, jeg har haft gennem snart 25 \u00e5r i uddannelsesverdenen \u2013 fra Aarhus Universitet til VIA University College og de seneste \u00e5r p\u00e5 Randers Social- og Sundhedsskole. F\u00e6lles for mine roller har v\u00e6ret at skabe nye veje, hvor viden, mennesker og organisationer kan vokse sammen.<\/p>\n\n\n\n<p><strong>Udvalgte erfaringer:<\/strong><\/p>\n\n\n\n<ul class=\"wp-block-list\">\n<li><strong>Randers Social- og Sundhedsskole (2018\u201325)<\/strong>&nbsp;\u2013 Udviklingschef med ansvar for forskning, udvikling og efteruddannelse. Har l\u00f8ftet skolens projektportef\u00f8lje fra 0,5 mio. til over 13 mio. kr., etableret forskningscenteret&nbsp;<em>FoCUS<\/em>&nbsp;og igangsat initiativer som&nbsp;<em>F\u00f8r-SOSU<\/em>&nbsp;og&nbsp;<em>Klar-parat-SOSU-start<\/em>.<\/li>\n\n\n\n<li><strong>Konstitueret direkt\u00f8r, SOSU Randers (2023)<\/strong>&nbsp;\u2013 Strategisk ansvar for drift, udvikling og bestyrelsesbetjening.<\/li>\n\n\n\n<li><strong>VIA University College (2012\u20132018)<\/strong>&nbsp;\u2013 Leder af&nbsp;<em>VIA Sundheds- og Velf\u00e6rdsteknologi<\/em>&nbsp;og chefkonsulent i&nbsp;<em>VIA Sundhed<\/em>. Har etableret forskningscenter, styrket partnerskaber og iv\u00e6rksat nationale innovationsprojekter.<\/li>\n\n\n\n<li><strong>Aarhus Universitet (2009\u20132012)<\/strong>&nbsp;\u2013 Udviklingskonsulent og r\u00e5dgiver for strategi, internationalisering og forskning.<\/li>\n\n\n\n<li><strong>Andre roller<\/strong>&nbsp;\u2013 Medstifter af Forlaget Univers, bestyrelsesformand i NGO\u2019en&nbsp;<em>Samv\u00e6rd<\/em>, formand i Lystrup Shotokan Karate-do og aktiv i civilsamfundet.<\/li>\n<\/ul>\n\n\n\n<p>Derudover har jeg mange \u00e5rs erfaring som konferencier, opl\u00e6gsholder og formidler \u2013 og jeg er ofte brugt som ekspert i medierne i sp\u00f8rgsm\u00e5l om uddannelse, innovation og velf\u00e6rd.<\/p>\n\n\n\n<p><\/p>\n","protected":false},"excerpt":{"rendered":"<p>Ingen udvikling sker i et tomrum. Mit bagt\u00e6ppe er de erfaringer og m\u00f8der, jeg har haft gennem snart 25 \u00e5r i uddannelsesverdenen \u2013 fra Aarhus Universitet til VIA University College og de seneste \u00e5r p\u00e5 Randers Social- og Sundhedsskole. F\u00e6lles for mine roller har v\u00e6ret at skabe nye veje, hvor viden, mennesker og organisationer kan &hellip; <\/p>\n<p class=\"link-more\"><a href=\"https:\/\/hederaconsult.dk\/index.php\/erfaring-og-eksempler\/\" class=\"more-link\">L\u00e6s videre<span class=\"screen-reader-text\"> &#8220;Erfaring og eksempler&#8221;<\/span><\/a><\/p>\n","protected":false},"author":1,"featured_media":0,"parent":0,"menu_order":0,"comment_status":"closed","ping_status":"closed","template":"","meta":{"footnotes":""},"class_list":["post-66","page","type-page","status-publish","hentry"],"_links":{"self":[{"href":"https:\/\/hederaconsult.dk\/index.php\/wp-json\/wp\/v2\/pages\/66","targetHints":{"allow":["GET"]}}],"collection":[{"href":"https:\/\/hederaconsult.dk\/index.php\/wp-json\/wp\/v2\/pages"}],"about":[{"href":"https:\/\/hederaconsult.dk\/index.php\/wp-json\/wp\/v2\/types\/page"}],"author":[{"embeddable":true,"href":"https:\/\/hederaconsult.dk\/index.php\/wp-json\/wp\/v2\/users\/1"}],"replies":[{"embeddable":true,"href":"https:\/\/hederaconsult.dk\/index.php\/wp-json\/wp\/v2\/comments?post=66"}],"version-history":[{"count":5,"href":"https:\/\/hederaconsult.dk\/index.php\/wp-json\/wp\/v2\/pages\/66\/revisions"}],"predecessor-version":[{"id":76,"href":"https:\/\/hederaconsult.dk\/index.php\/wp-json\/wp\/v2\/pages\/66\/revisions\/76"}],"wp:attachment":[{"href":"https:\/\/hederaconsult.dk\/index.php\/wp-json\/wp\/v2\/media?parent=66"}],"curies":[{"name":"wp","href":"https:\/\/api.w.org\/{rel}","templated":true}]}}