{"id":53,"date":"2025-10-21T09:21:48","date_gmt":"2025-10-21T09:21:48","guid":{"rendered":"https:\/\/hederaconsult.dk\/?page_id=53"},"modified":"2025-10-21T11:00:59","modified_gmt":"2025-10-21T11:00:59","slug":"ydelser","status":"publish","type":"page","link":"https:\/\/hederaconsult.dk\/index.php\/ydelser\/","title":{"rendered":"Ydelser"},"content":{"rendered":"\n<h3 class=\"wp-block-heading\"><strong>Lad os skabe udvikling sammen<\/strong><\/h3>\n\n\n\n<p>Hos Hedera Consult tror jeg p\u00e5, at den bedste udvikling sker i samspil. Jeg stiller mine erfaringer fra forskning, ledelse og projekter til r\u00e5dighed \u2013 og m\u00f8der jer med nysgerrighed, kreativitet og respekt for jeres virkelighed. Har I brug for sparring, nye perspektiver eller hj\u00e6lp til at l\u00f8fte en konkret opgave, er I altid velkomne til at tage kontakt.<\/p>\n\n\n\n<p><strong>Strategi og udvikling<\/strong><br>Jeg hj\u00e6lper med at udforme og konkretisere strategier, s\u00e5 de f\u00e5r liv i hverdagen. Det kan v\u00e6re alt fra at facilitere en strategiproces til at oms\u00e6tte m\u00e5ls\u00e6tninger til konkrete indsatser.<\/p>\n\n\n\n<p><strong>Projekter og fundraising<\/strong><br>Jeg har mange \u00e5rs erfaring med at udvikle projekter, skrive fondsans\u00f8gninger og skabe partnerskaber. Jeg kan bist\u00e5 med alt fra id\u00e9udvikling til realisering og evaluering.<\/p>\n\n\n\n<p><strong>Facilitering og formidling<\/strong><br>Jeg leder og faciliterer workshops, temadage og st\u00f8rre processer. Jeg har desuden stor erfaring som konferencier og opl\u00e6gsholder, hvor jeg kombinerer faglighed med n\u00e6rv\u00e6rende formidling.<\/p>\n","protected":false},"excerpt":{"rendered":"<p>Lad os skabe udvikling sammen Hos Hedera Consult tror jeg p\u00e5, at den bedste udvikling sker i samspil. Jeg stiller mine erfaringer fra forskning, ledelse og projekter til r\u00e5dighed \u2013 og m\u00f8der jer med nysgerrighed, kreativitet og respekt for jeres virkelighed. Har I brug for sparring, nye perspektiver eller hj\u00e6lp til at l\u00f8fte en konkret &hellip; <\/p>\n<p class=\"link-more\"><a href=\"https:\/\/hederaconsult.dk\/index.php\/ydelser\/\" class=\"more-link\">L\u00e6s videre<span class=\"screen-reader-text\"> &#8220;Ydelser&#8221;<\/span><\/a><\/p>\n","protected":false},"author":1,"featured_media":57,"parent":0,"menu_order":0,"comment_status":"closed","ping_status":"closed","template":"","meta":{"footnotes":""},"class_list":["post-53","page","type-page","status-publish","has-post-thumbnail","hentry"],"_links":{"self":[{"href":"https:\/\/hederaconsult.dk\/index.php\/wp-json\/wp\/v2\/pages\/53","targetHints":{"allow":["GET"]}}],"collection":[{"href":"https:\/\/hederaconsult.dk\/index.php\/wp-json\/wp\/v2\/pages"}],"about":[{"href":"https:\/\/hederaconsult.dk\/index.php\/wp-json\/wp\/v2\/types\/page"}],"author":[{"embeddable":true,"href":"https:\/\/hederaconsult.dk\/index.php\/wp-json\/wp\/v2\/users\/1"}],"replies":[{"embeddable":true,"href":"https:\/\/hederaconsult.dk\/index.php\/wp-json\/wp\/v2\/comments?post=53"}],"version-history":[{"count":4,"href":"https:\/\/hederaconsult.dk\/index.php\/wp-json\/wp\/v2\/pages\/53\/revisions"}],"predecessor-version":[{"id":65,"href":"https:\/\/hederaconsult.dk\/index.php\/wp-json\/wp\/v2\/pages\/53\/revisions\/65"}],"wp:featuredmedia":[{"embeddable":true,"href":"https:\/\/hederaconsult.dk\/index.php\/wp-json\/wp\/v2\/media\/57"}],"wp:attachment":[{"href":"https:\/\/hederaconsult.dk\/index.php\/wp-json\/wp\/v2\/media?parent=53"}],"curies":[{"name":"wp","href":"https:\/\/api.w.org\/{rel}","templated":true}]}}